{"id":11849,"date":"2024-02-26T13:38:12","date_gmt":"2024-02-26T05:38:12","guid":{"rendered":"https:\/\/www.quentinlifts.com\/?page_id=11849"},"modified":"2024-04-03T13:56:30","modified_gmt":"2024-04-03T05:56:30","slug":"support","status":"publish","type":"page","link":"https:\/\/www.gradinlift.com\/es\/support","title":{"rendered":"Ayuda"},"content":{"rendered":"<div data-elementor-type=\"wp-page\" data-elementor-id=\"11849\" class=\"elementor elementor-11849\">\r\n\t\t\t\t\t\t<section class=\"elementor-section elementor-top-section elementor-element elementor-element-cbdc1c3 elementor-section-full_width elementor-section-height-default elementor-section-height-default\" data-id=\"cbdc1c3\" data-element_type=\"section\">\r\n\t\t\t\t\t\t<div class=\"elementor-container elementor-column-gap-no\">\r\n\t\t\t\t\t<div class=\"elementor-column elementor-col-100 elementor-top-column elementor-element elementor-element-81d2c57 ot-flex-column-vertical\" data-id=\"81d2c57\" data-element_type=\"column\">\r\n\t\t\t<div class=\"elementor-widget-wrap elementor-element-populated\">\r\n\t\t\t\t\t\t<div class=\"elementor-element elementor-element-564b2f5 elementor-widget elementor-widget-image\" data-id=\"564b2f5\" data-element_type=\"widget\" data-widget_type=\"image.default\">\r\n\t\t\t\t<div class=\"elementor-widget-container\">\r\n\t\t\t\t\t\t\t\t\t\t\t\t\t<img fetchpriority=\"high\" decoding=\"async\" width=\"1920\" height=\"600\" src=\"https:\/\/www.gradinlift.com\/wp-content\/uploads\/2024\/04\/2024040329.png\" class=\"attachment-full size-full wp-image-13374\" alt=\"\" srcset=\"https:\/\/www.gradinlift.com\/wp-content\/uploads\/2024\/04\/2024040329.png 1920w, https:\/\/www.gradinlift.com\/wp-content\/uploads\/2024\/04\/2024040329-1536x480.png 1536w\" sizes=\"(max-width: 1920px) 100vw, 1920px\" \/>\t\t\t\t\t\t\t\t\t\t\t\t\t<\/div>\r\n\t\t\t\t<\/div>\r\n\t\t\t\t\t<\/div>\r\n\t\t<\/div>\r\n\t\t\t\t\t<\/div>\r\n\t\t<\/section>\r\n\t\t\t\t<section class=\"elementor-section elementor-top-section elementor-element elementor-element-d333008 elementor-section-boxed elementor-section-height-default elementor-section-height-default\" data-id=\"d333008\" data-element_type=\"section\">\r\n\t\t\t\t\t\t<div class=\"elementor-container elementor-column-gap-no\">\r\n\t\t\t\t\t<div class=\"elementor-column elementor-col-100 elementor-top-column elementor-element elementor-element-ba00776 ot-flex-column-vertical\" data-id=\"ba00776\" data-element_type=\"column\">\r\n\t\t\t<div class=\"elementor-widget-wrap elementor-element-populated\">\r\n\t\t\t\t\t\t<section class=\"elementor-section elementor-inner-section elementor-element elementor-element-01e8b75 elementor-section-full_width elementor-section-height-default elementor-section-height-default\" data-id=\"01e8b75\" data-element_type=\"section\">\r\n\t\t\t\t\t\t<div class=\"elementor-container elementor-column-gap-default\">\r\n\t\t\t\t\t<div class=\"elementor-column elementor-col-25 elementor-inner-column elementor-element elementor-element-3557172 ot-flex-column-vertical\" data-id=\"3557172\" data-element_type=\"column\">\r\n\t\t\t<div class=\"elementor-widget-wrap elementor-element-populated\">\r\n\t\t\t\t\t\t<div class=\"elementor-element elementor-element-190b1da elementor-position-top elementor-widget elementor-widget-image-box\" data-id=\"190b1da\" data-element_type=\"widget\" data-widget_type=\"image-box.default\">\r\n\t\t\t\t<div class=\"elementor-widget-container\">\r\n\t\t\t<div class=\"elementor-image-box-wrapper\"><figure class=\"elementor-image-box-img\"><img decoding=\"async\" width=\"64\" height=\"64\" src=\"https:\/\/www.gradinlift.com\/wp-content\/uploads\/2024\/03\/2024030430.png\" class=\"attachment-full size-full wp-image-12300\" alt=\"\" \/><\/figure><div class=\"elementor-image-box-content\"><div class=\"elementor-image-box-title\">Formaci\u00f3n gratuita sobre instalaci\u00f3n<\/div><\/div><\/div>\t\t<\/div>\r\n\t\t\t\t<\/div>\r\n\t\t\t\t\t<\/div>\r\n\t\t<\/div>\r\n\t\t\t\t<div class=\"elementor-column elementor-col-25 elementor-inner-column elementor-element elementor-element-b1c620a ot-flex-column-vertical\" data-id=\"b1c620a\" data-element_type=\"column\">\r\n\t\t\t<div class=\"elementor-widget-wrap elementor-element-populated\">\r\n\t\t\t\t\t\t<div class=\"elementor-element elementor-element-e09e803 elementor-position-top elementor-widget elementor-widget-image-box\" data-id=\"e09e803\" data-element_type=\"widget\" data-widget_type=\"image-box.default\">\r\n\t\t\t\t<div class=\"elementor-widget-container\">\r\n\t\t\t<div class=\"elementor-image-box-wrapper\"><figure class=\"elementor-image-box-img\"><img decoding=\"async\" width=\"64\" height=\"64\" src=\"https:\/\/www.gradinlift.com\/wp-content\/uploads\/2024\/03\/2024030478.webp\" class=\"attachment-full size-full wp-image-12299\" alt=\"\" \/><\/figure><div class=\"elementor-image-box-content\"><div class=\"elementor-image-box-title\">Dise\u00f1o 3D gratuito<\/div><\/div><\/div>\t\t<\/div>\r\n\t\t\t\t<\/div>\r\n\t\t\t\t\t<\/div>\r\n\t\t<\/div>\r\n\t\t\t\t<div class=\"elementor-column elementor-col-25 elementor-inner-column elementor-element elementor-element-57b2905 ot-flex-column-vertical\" data-id=\"57b2905\" data-element_type=\"column\">\r\n\t\t\t<div class=\"elementor-widget-wrap elementor-element-populated\">\r\n\t\t\t\t\t\t<div class=\"elementor-element elementor-element-ef18776 elementor-position-top elementor-widget elementor-widget-image-box\" data-id=\"ef18776\" data-element_type=\"widget\" data-widget_type=\"image-box.default\">\r\n\t\t\t\t<div class=\"elementor-widget-container\">\r\n\t\t\t<div class=\"elementor-image-box-wrapper\"><figure class=\"elementor-image-box-img\"><img loading=\"lazy\" decoding=\"async\" width=\"64\" height=\"64\" src=\"https:\/\/www.gradinlift.com\/wp-content\/uploads\/2024\/03\/2024030446.webp\" class=\"attachment-full size-full wp-image-12301\" alt=\"\" \/><\/figure><div class=\"elementor-image-box-content\"><div class=\"elementor-image-box-title\">Servicio en l\u00ednea 24 horas al d\u00eda, 7 d\u00edas a la semana<\/div><\/div><\/div>\t\t<\/div>\r\n\t\t\t\t<\/div>\r\n\t\t\t\t\t<\/div>\r\n\t\t<\/div>\r\n\t\t\t\t<div class=\"elementor-column elementor-col-25 elementor-inner-column elementor-element elementor-element-4db109c ot-flex-column-vertical\" data-id=\"4db109c\" data-element_type=\"column\">\r\n\t\t\t<div class=\"elementor-widget-wrap elementor-element-populated\">\r\n\t\t\t\t\t\t<div class=\"elementor-element elementor-element-1e54690 elementor-position-top elementor-widget elementor-widget-image-box\" data-id=\"1e54690\" data-element_type=\"widget\" data-widget_type=\"image-box.default\">\r\n\t\t\t\t<div class=\"elementor-widget-container\">\r\n\t\t\t<div class=\"elementor-image-box-wrapper\"><figure class=\"elementor-image-box-img\"><img loading=\"lazy\" decoding=\"async\" width=\"64\" height=\"64\" src=\"https:\/\/www.gradinlift.com\/wp-content\/uploads\/2024\/03\/2024030472.webp\" class=\"attachment-full size-full wp-image-12303\" alt=\"\" \/><\/figure><div class=\"elementor-image-box-content\"><div class=\"elementor-image-box-title\">1 a\u00f1o de garant\u00eda<\/div><\/div><\/div>\t\t<\/div>\r\n\t\t\t\t<\/div>\r\n\t\t\t\t\t<\/div>\r\n\t\t<\/div>\r\n\t\t\t\t\t<\/div>\r\n\t\t<\/section>\r\n\t\t\t\t<section class=\"elementor-section elementor-inner-section elementor-element elementor-element-198766b elementor-section-full_width elementor-reverse-mobile elementor-section-height-default elementor-section-height-default\" data-id=\"198766b\" data-element_type=\"section\">\r\n\t\t\t\t\t\t<div class=\"elementor-container elementor-column-gap-no\">\r\n\t\t\t\t\t<div class=\"elementor-column elementor-col-50 elementor-inner-column elementor-element elementor-element-47d7242 ot-column-items-center ot-flex-column-vertical\" data-id=\"47d7242\" data-element_type=\"column\">\r\n\t\t\t<div class=\"elementor-widget-wrap elementor-element-populated\">\r\n\t\t\t\t\t\t<div class=\"elementor-element elementor-element-a092614 elementor-widget elementor-widget-heading\" data-id=\"a092614\" data-element_type=\"widget\" data-widget_type=\"heading.default\">\r\n\t\t\t\t<div class=\"elementor-widget-container\">\r\n\t\t\t<div class=\"elementor-heading-title elementor-size-default\">Servicio de preventa<\/div>\t\t<\/div>\r\n\t\t\t\t<\/div>\r\n\t\t\t\t<div class=\"elementor-element elementor-element-73037cf elementor-widget elementor-widget-text-editor\" data-id=\"73037cf\" data-element_type=\"widget\" data-widget_type=\"text-editor.default\">\r\n\t\t\t\t<div class=\"elementor-widget-container\">\r\n\t\t\t\t\t\t\t<p>1, Tanto si est\u00e1 explorando nuestra gama de productos como si busca asesoramiento sobre requisitos espec\u00edficos de maquinaria, nuestros asesores est\u00e1n preparados para ofrecerle recomendaciones personalizadas que se adapten a sus necesidades.<\/p>\t\t\t\t\t\t<\/div>\r\n\t\t\t\t<\/div>\r\n\t\t\t\t<div class=\"elementor-element elementor-element-c75a296 elementor-widget elementor-widget-text-editor\" data-id=\"c75a296\" data-element_type=\"widget\" data-widget_type=\"text-editor.default\">\r\n\t\t\t\t<div class=\"elementor-widget-container\">\r\n\t\t\t\t\t\t\t<p>2\uff0cPara los clientes que buscan modificaciones o personalizaci\u00f3n de sus equipos, nuestro equipo de ingenieros expertos trabajar\u00e1 estrechamente con usted para entender sus especificaciones y preferencias \u00fanicas, proporcionando planos y dise\u00f1os detallados para sus m\u00e1quinas a medida.<\/p>\t\t\t\t\t\t<\/div>\r\n\t\t\t\t<\/div>\r\n\t\t\t\t\t<\/div>\r\n\t\t<\/div>\r\n\t\t\t\t<div class=\"elementor-column elementor-col-50 elementor-inner-column elementor-element elementor-element-0ad226a ot-flex-column-vertical\" data-id=\"0ad226a\" data-element_type=\"column\">\r\n\t\t\t<div class=\"elementor-widget-wrap elementor-element-populated\">\r\n\t\t\t\t\t\t<div class=\"elementor-element elementor-element-d92c7a2 elementor-widget elementor-widget-image\" data-id=\"d92c7a2\" data-element_type=\"widget\" data-widget_type=\"image.default\">\r\n\t\t\t\t<div class=\"elementor-widget-container\">\r\n\t\t\t\t\t\t\t\t\t\t\t\t\t<img loading=\"lazy\" decoding=\"async\" width=\"1019\" height=\"630\" src=\"https:\/\/www.gradinlift.com\/wp-content\/uploads\/2024\/03\/2024030486.jpg\" class=\"attachment-full size-full wp-image-12272\" alt=\"\" \/>\t\t\t\t\t\t\t\t\t\t\t\t\t<\/div>\r\n\t\t\t\t<\/div>\r\n\t\t\t\t\t<\/div>\r\n\t\t<\/div>\r\n\t\t\t\t\t<\/div>\r\n\t\t<\/section>\r\n\t\t\t\t<section class=\"elementor-section elementor-inner-section elementor-element elementor-element-66f21c3 elementor-section-full_width elementor-section-height-default elementor-section-height-default\" data-id=\"66f21c3\" data-element_type=\"section\">\r\n\t\t\t\t\t\t<div class=\"elementor-container elementor-column-gap-no\">\r\n\t\t\t\t\t<div class=\"elementor-column elementor-col-50 elementor-inner-column elementor-element elementor-element-3064565 ot-flex-column-vertical\" data-id=\"3064565\" data-element_type=\"column\">\r\n\t\t\t<div class=\"elementor-widget-wrap elementor-element-populated\">\r\n\t\t\t\t\t\t<div class=\"elementor-element elementor-element-d95ec9b elementor-widget elementor-widget-image\" data-id=\"d95ec9b\" data-element_type=\"widget\" data-widget_type=\"image.default\">\r\n\t\t\t\t<div class=\"elementor-widget-container\">\r\n\t\t\t\t\t\t\t\t\t\t\t\t\t<img loading=\"lazy\" decoding=\"async\" width=\"750\" height=\"520\" src=\"https:\/\/www.gradinlift.com\/wp-content\/uploads\/2024\/03\/2024030462.jpg\" class=\"attachment-large size-large wp-image-12271\" alt=\"\" \/>\t\t\t\t\t\t\t\t\t\t\t\t\t<\/div>\r\n\t\t\t\t<\/div>\r\n\t\t\t\t\t<\/div>\r\n\t\t<\/div>\r\n\t\t\t\t<div class=\"elementor-column elementor-col-50 elementor-inner-column elementor-element elementor-element-4e87ba2 ot-column-items-center ot-flex-column-vertical\" data-id=\"4e87ba2\" data-element_type=\"column\">\r\n\t\t\t<div class=\"elementor-widget-wrap elementor-element-populated\">\r\n\t\t\t\t\t\t<div class=\"elementor-element elementor-element-915ad3f elementor-widget elementor-widget-heading\" data-id=\"915ad3f\" data-element_type=\"widget\" data-widget_type=\"heading.default\">\r\n\t\t\t\t<div class=\"elementor-widget-container\">\r\n\t\t\t<div class=\"elementor-heading-title elementor-size-default\">Servicio postventa<\/div>\t\t<\/div>\r\n\t\t\t\t<\/div>\r\n\t\t\t\t<div class=\"elementor-element elementor-element-522d00d elementor-widget elementor-widget-text-editor\" data-id=\"522d00d\" data-element_type=\"widget\" data-widget_type=\"text-editor.default\">\r\n\t\t\t\t<div class=\"elementor-widget-container\">\r\n\t\t\t\t\t\t\t<p>1\uff0cProporcionamos una instalaci\u00f3n y formaci\u00f3n gratuitas en la f\u00e1brica del cliente en el momento de la entrega, incluyendo teor\u00eda b\u00e1sica, protecci\u00f3n de seguridad, funcionamiento y mantenimiento del equipo, etc.<\/p>\t\t\t\t\t\t<\/div>\r\n\t\t\t\t<\/div>\r\n\t\t\t\t<div class=\"elementor-element elementor-element-bd89ef1 elementor-widget elementor-widget-text-editor\" data-id=\"bd89ef1\" data-element_type=\"widget\" data-widget_type=\"text-editor.default\">\r\n\t\t\t\t<div class=\"elementor-widget-container\">\r\n\t\t\t\t\t\t\t<p>2\uff0cA trav\u00e9s de conexiones de red y llamadas telef\u00f3nicas, nuestro equipo de ingenieros cualificados diagnostica r\u00e1pidamente los errores y proporciona soluciones de reparaci\u00f3n eficientes, garantizando un tiempo de inactividad m\u00ednimo para sus operaciones.<\/p>\t\t\t\t\t\t<\/div>\r\n\t\t\t\t<\/div>\r\n\t\t\t\t\t<\/div>\r\n\t\t<\/div>\r\n\t\t\t\t\t<\/div>\r\n\t\t<\/section>\r\n\t\t\t\t<section class=\"elementor-section elementor-inner-section elementor-element elementor-element-2b5e0fb elementor-section-boxed elementor-section-height-default elementor-section-height-default\" data-id=\"2b5e0fb\" data-element_type=\"section\">\r\n\t\t\t\t\t\t<div class=\"elementor-container elementor-column-gap-no\">\r\n\t\t\t\t\t<div class=\"elementor-column elementor-col-100 elementor-inner-column elementor-element elementor-element-4163ce3 ot-flex-column-vertical\" data-id=\"4163ce3\" data-element_type=\"column\">\r\n\t\t\t<div class=\"elementor-widget-wrap elementor-element-populated\">\r\n\t\t\t\t\t\t<div class=\"elementor-element elementor-element-55b3b43 elementor-widget elementor-widget-heading\" data-id=\"55b3b43\" data-element_type=\"widget\" data-widget_type=\"heading.default\">\r\n\t\t\t\t<div class=\"elementor-widget-container\">\r\n\t\t\t<div class=\"elementor-heading-title elementor-size-default\">CALENDARIO DE SERVICIO<\/div>\t\t<\/div>\r\n\t\t\t\t<\/div>\r\n\t\t\t\t<div class=\"elementor-element elementor-element-346b80c elementor-widget elementor-widget-theratio-ctf7\" data-id=\"346b80c\" data-element_type=\"widget\" data-widget_type=\"theratio-ctf7.default\">\r\n\t\t\t\t<div class=\"elementor-widget-container\">\r\n\t\t\t<div class=\"elementor-shortcode theratio-cf7-0\">\n<div class=\"wpcf7 no-js\" id=\"wpcf7-f2394-o1\" lang=\"en-US\" dir=\"ltr\">\n<div class=\"screen-reader-response\"><p role=\"status\" aria-live=\"polite\" aria-atomic=\"true\"><\/p> <ul><\/ul><\/div>\n<form action=\"\/es\/wp-json\/wp\/v2\/pages\/11849#wpcf7-f2394-o1\" method=\"post\" class=\"wpcf7-form init\" aria-label=\"Formulario de contacto\" novalidate=\"novalidate\" data-status=\"init\" data-trp-original-action=\"\/es\/wp-json\/wp\/v2\/pages\/11849#wpcf7-f2394-o1\">\n<div style=\"display: none;\">\n<input type=\"hidden\" name=\"_wpcf7\" value=\"2394\" \/>\n<input type=\"hidden\" name=\"_wpcf7_version\" value=\"5.9.8\" \/>\n<input type=\"hidden\" name=\"_wpcf7_locale\" value=\"en_US\" \/>\n<input type=\"hidden\" name=\"_wpcf7_unit_tag\" value=\"wpcf7-f2394-o1\" \/>\n<input type=\"hidden\" name=\"_wpcf7_container_post\" value=\"0\" \/>\n<input type=\"hidden\" name=\"_wpcf7_posted_data_hash\" value=\"\" \/>\n<\/div>\n<div class=\"member-form\">\n\t<div class=\"row\">\n\t\t<p class=\"col-md-6\"><span class=\"wpcf7-form-control-wrap\" data-name=\"your-name\"><input size=\"40\" maxlength=\"400\" class=\"wpcf7-form-control wpcf7-text wpcf7-validates-as-required\" aria-required=\"true\" aria-invalid=\"false\" placeholder=\"Nombre\" value=\"\" type=\"text\" name=\"your-name\" \/><\/span>\n\t\t<\/p>\n\t\t<p class=\"col-md-6\"><span class=\"wpcf7-form-control-wrap\" data-name=\"your-email\"><input size=\"40\" maxlength=\"400\" class=\"wpcf7-form-control wpcf7-email wpcf7-validates-as-required wpcf7-text wpcf7-validates-as-email\" aria-required=\"true\" aria-invalid=\"false\" placeholder=\"Correo electr\u00f3nico\" value=\"\" type=\"email\" name=\"your-email\" \/><\/span>\n\t\t<\/p>\n\t<\/div>\n\t<div class=\"row\">\n\t\t<p class=\"col-md-6\"><span class=\"wpcf7-form-control-wrap\" data-name=\"your-tel\"><input size=\"40\" maxlength=\"400\" class=\"wpcf7-form-control wpcf7-tel wpcf7-validates-as-required wpcf7-text wpcf7-validates-as-tel\" aria-required=\"true\" aria-invalid=\"false\" placeholder=\"Tel\u00e9fono\" value=\"\" type=\"tel\" name=\"your-tel\" \/><\/span>\n\t\t<\/p>\n\t\t<p class=\"col-md-6\"><span class=\"wpcf7-form-control-wrap\" data-name=\"your-country\"><input size=\"40\" maxlength=\"400\" class=\"wpcf7-form-control wpcf7-text wpcf7-validates-as-required\" aria-required=\"true\" aria-invalid=\"false\" placeholder=\"Pa\u00eds\" value=\"\" type=\"text\" name=\"your-country\" \/><\/span>\n\t\t<\/p>\n\t<\/div>\n\t<div class=\"row\">\n\t\t<p class=\"col-md-6\"><span class=\"wpcf7-form-control-wrap\" data-name=\"PurposeofPurchase\"><select class=\"wpcf7-form-control wpcf7-select\" aria-invalid=\"false\" name=\"PurposeofPurchase\"><option value=\"-- Purpose of Purchase --\">-- Finalidad de la compra --<\/option><option value=\"For Personal Use\">Para uso personal<\/option><option value=\"Import for the client\">Importaci\u00f3n para el cliente<\/option><option value=\"We are a local lessor\">Somos un arrendador local<\/option><\/select><\/span>\n\t\t<\/p>\n\t<\/div>\n\t<p><span class=\"wpcf7-form-control-wrap\" data-name=\"your-message\"><textarea cols=\"40\" rows=\"10\" maxlength=\"2000\" class=\"wpcf7-form-control wpcf7-textarea wpcf7-validates-as-required\" aria-required=\"true\" aria-invalid=\"false\" placeholder=\"Mensaje\" name=\"your-message\"><\/textarea><\/span>\n\t<\/p>\n\t<p><button type=\"submit\" class=\"octf-btn octf-btn-dark\">Enviar<\/button>\n\t<\/p>\n<\/div><div class=\"wpcf7-response-output\" aria-hidden=\"true\"><\/div>\n<input type=\"hidden\" name=\"trp-form-language\" value=\"es\"\/><\/form>\n<\/div>\n<\/div>\t\t<\/div>\r\n\t\t\t\t<\/div>\r\n\t\t\t\t\t<\/div>\r\n\t\t<\/div>\r\n\t\t\t\t\t<\/div>\r\n\t\t<\/section>\r\n\t\t\t\t\t<\/div>\r\n\t\t<\/div>\r\n\t\t\t\t\t<\/div>\r\n\t\t<\/section>\r\n\t\t\t\t<\/div>","protected":false},"excerpt":{"rendered":"<p>Free Installation Training Free 3D Design 24\/7 Online Service 1-Year Warranty Pre-sale Service 1\uff0cWhether you&#8217;re exploring our range of products or seeking consultation on specific machinery requirements, our advisors are equipped to offer tailored recommendations to suit your needs. 2\uff0cFor customers seeking modifications or customization to their equipment, our team of expert engineers will work [&hellip;]<\/p>","protected":false},"author":1,"featured_media":0,"parent":0,"menu_order":0,"comment_status":"closed","ping_status":"closed","template":"","meta":{"footnotes":""},"class_list":["post-11849","page","type-page","status-publish","hentry"],"aioseo_notices":[],"_links":{"self":[{"href":"https:\/\/www.gradinlift.com\/es\/wp-json\/wp\/v2\/pages\/11849","targetHints":{"allow":["GET"]}}],"collection":[{"href":"https:\/\/www.gradinlift.com\/es\/wp-json\/wp\/v2\/pages"}],"about":[{"href":"https:\/\/www.gradinlift.com\/es\/wp-json\/wp\/v2\/types\/page"}],"author":[{"embeddable":true,"href":"https:\/\/www.gradinlift.com\/es\/wp-json\/wp\/v2\/users\/1"}],"replies":[{"embeddable":true,"href":"https:\/\/www.gradinlift.com\/es\/wp-json\/wp\/v2\/comments?post=11849"}],"version-history":[{"count":0,"href":"https:\/\/www.gradinlift.com\/es\/wp-json\/wp\/v2\/pages\/11849\/revisions"}],"wp:attachment":[{"href":"https:\/\/www.gradinlift.com\/es\/wp-json\/wp\/v2\/media?parent=11849"}],"curies":[{"name":"wp","href":"https:\/\/api.w.org\/{rel}","templated":true}]}}